{"id":339975,"date":"2025-11-14T21:09:39","date_gmt":"2025-11-14T20:09:39","guid":{"rendered":"https:\/\/preview.script.ch\/produkt\/corbeille-a-papier-30litre-noir\/"},"modified":"2025-11-14T21:09:40","modified_gmt":"2025-11-14T20:09:40","slug":"corbeille-a-papier-30litre-noir","status":"publish","type":"product","link":"https:\/\/preview.script.ch\/fr\/produkt\/corbeille-a-papier-30litre-noir\/","title":{"rendered":"Corbeille \u00e0 papier 30litre noir"},"content":{"rendered":"<p>HAN conteneur \u00e0 d\u00e9chets ronde, faite de plastique durable avec bord arrondi.<br \/>\n 30 litres, 405mm de hauteur, diam\u00e8tre 350mm<\/p>\n","protected":false},"excerpt":{"rendered":"<p>HAN conteneur \u00e0 d\u00e9chets ronde, faite de plastique durable avec bord arrondi. 30 litres, 405mm de hauteur, diam\u00e8tre 350mm<\/p>\n","protected":false},"featured_media":339973,"template":"","meta":{"_acf_changed":false},"product_brand":[],"product_cat":[53220],"product_tag":[],"class_list":{"0":"post-339975","1":"product","2":"type-product","3":"status-publish","4":"has-post-thumbnail","6":"product_cat-corbeille-corbeille-a-papier-collecteur-a-journaux-accessoires-de-bureau","8":"first","9":"instock","10":"taxable","11":"shipping-taxable","12":"purchasable","13":"product-type-simple","14":"add-to-wishlist-before_image"},"acf":[],"_links":{"self":[{"href":"https:\/\/preview.script.ch\/fr\/wp-json\/wp\/v2\/product\/339975","targetHints":{"allow":["GET"]}}],"collection":[{"href":"https:\/\/preview.script.ch\/fr\/wp-json\/wp\/v2\/product"}],"about":[{"href":"https:\/\/preview.script.ch\/fr\/wp-json\/wp\/v2\/types\/product"}],"wp:featuredmedia":[{"embeddable":true,"href":"https:\/\/preview.script.ch\/fr\/wp-json\/wp\/v2\/media\/339973"}],"wp:attachment":[{"href":"https:\/\/preview.script.ch\/fr\/wp-json\/wp\/v2\/media?parent=339975"}],"wp:term":[{"taxonomy":"product_brand","embeddable":true,"href":"https:\/\/preview.script.ch\/fr\/wp-json\/wp\/v2\/product_brand?post=339975"},{"taxonomy":"product_cat","embeddable":true,"href":"https:\/\/preview.script.ch\/fr\/wp-json\/wp\/v2\/product_cat?post=339975"},{"taxonomy":"product_tag","embeddable":true,"href":"https:\/\/preview.script.ch\/fr\/wp-json\/wp\/v2\/product_tag?post=339975"}],"curies":[{"name":"wp","href":"https:\/\/api.w.org\/{rel}","templated":true}]}}