{"id":339971,"date":"2025-11-14T21:09:34","date_gmt":"2025-11-14T20:09:34","guid":{"rendered":"https:\/\/preview.script.ch\/produkt\/corbeille-a-papier-han-18litre-gris\/"},"modified":"2025-11-14T21:09:36","modified_gmt":"2025-11-14T20:09:36","slug":"corbeille-a-papier-han-18litre-gris","status":"publish","type":"product","link":"https:\/\/preview.script.ch\/fr\/produkt\/corbeille-a-papier-han-18litre-gris\/","title":{"rendered":"Corbeille \u00e0 papier HAN 18litre gris"},"content":{"rendered":"<p>HAN conteneur \u00e0 d\u00e9chets ronde, faite de plastique durable avec bord arrondi.<br \/>\n 18 litres de capacit\u00e9, 320mm de hauteur, diam\u00e8tre 315mm<\/p>\n","protected":false},"excerpt":{"rendered":"<p>HAN conteneur \u00e0 d\u00e9chets ronde, faite de plastique durable avec bord arrondi. 18 litres de capacit\u00e9, 320mm de hauteur, diam\u00e8tre 315mm<\/p>\n","protected":false},"featured_media":339969,"template":"","meta":{"_acf_changed":false},"product_brand":[],"product_cat":[53220],"product_tag":[],"class_list":{"0":"post-339971","1":"product","2":"type-product","3":"status-publish","4":"has-post-thumbnail","6":"product_cat-corbeille-corbeille-a-papier-collecteur-a-journaux-accessoires-de-bureau","8":"first","9":"instock","10":"taxable","11":"shipping-taxable","12":"purchasable","13":"product-type-simple","14":"add-to-wishlist-before_image"},"acf":[],"_links":{"self":[{"href":"https:\/\/preview.script.ch\/fr\/wp-json\/wp\/v2\/product\/339971","targetHints":{"allow":["GET"]}}],"collection":[{"href":"https:\/\/preview.script.ch\/fr\/wp-json\/wp\/v2\/product"}],"about":[{"href":"https:\/\/preview.script.ch\/fr\/wp-json\/wp\/v2\/types\/product"}],"wp:featuredmedia":[{"embeddable":true,"href":"https:\/\/preview.script.ch\/fr\/wp-json\/wp\/v2\/media\/339969"}],"wp:attachment":[{"href":"https:\/\/preview.script.ch\/fr\/wp-json\/wp\/v2\/media?parent=339971"}],"wp:term":[{"taxonomy":"product_brand","embeddable":true,"href":"https:\/\/preview.script.ch\/fr\/wp-json\/wp\/v2\/product_brand?post=339971"},{"taxonomy":"product_cat","embeddable":true,"href":"https:\/\/preview.script.ch\/fr\/wp-json\/wp\/v2\/product_cat?post=339971"},{"taxonomy":"product_tag","embeddable":true,"href":"https:\/\/preview.script.ch\/fr\/wp-json\/wp\/v2\/product_tag?post=339971"}],"curies":[{"name":"wp","href":"https:\/\/api.w.org\/{rel}","templated":true}]}}