{"id":338841,"date":"2025-11-14T20:47:49","date_gmt":"2025-11-14T19:47:49","guid":{"rendered":"https:\/\/preview.script.ch\/produkt\/piles-durasonic-aaa-lr03-20pcs\/"},"modified":"2025-11-14T20:47:50","modified_gmt":"2025-11-14T19:47:50","slug":"piles-durasonic-aaa-lr03-20pcs","status":"publish","type":"product","link":"https:\/\/preview.script.ch\/fr\/produkt\/piles-durasonic-aaa-lr03-20pcs\/","title":{"rendered":"Piles Durasonic AAA LR03 20pcs."},"content":{"rendered":"<p>SCRIPT batteries, Value-Action-Pack, paquet de 20x pi\u00e8ces LR3, LR03, DC2400,<br \/>\n Micro, vert, 1.5Volt alcalines, taille 45x11x11mm, incl.TEA<br \/>\n (taxe d&rsquo;\u00e9limination anticip\u00e9e).<\/p>\n","protected":false},"excerpt":{"rendered":"<p>SCRIPT batteries, Value-Action-Pack, paquet de 20x pi\u00e8ces LR3, LR03, DC2400, Micro, vert, 1.5Volt alcalines, taille 45x11x11mm, incl.TEA (taxe d&rsquo;\u00e9limination anticip\u00e9e).<\/p>\n","protected":false},"featured_media":338839,"template":"","meta":{"_acf_changed":false},"product_brand":[],"product_cat":[53247],"product_tag":[],"class_list":{"0":"post-338841","1":"product","2":"type-product","3":"status-publish","4":"has-post-thumbnail","6":"product_cat-piles-batterie-machines-de-bureau-et-accessoires","8":"first","9":"instock","10":"taxable","11":"shipping-taxable","12":"purchasable","13":"product-type-simple","14":"add-to-wishlist-before_image"},"acf":[],"_links":{"self":[{"href":"https:\/\/preview.script.ch\/fr\/wp-json\/wp\/v2\/product\/338841","targetHints":{"allow":["GET"]}}],"collection":[{"href":"https:\/\/preview.script.ch\/fr\/wp-json\/wp\/v2\/product"}],"about":[{"href":"https:\/\/preview.script.ch\/fr\/wp-json\/wp\/v2\/types\/product"}],"wp:featuredmedia":[{"embeddable":true,"href":"https:\/\/preview.script.ch\/fr\/wp-json\/wp\/v2\/media\/338839"}],"wp:attachment":[{"href":"https:\/\/preview.script.ch\/fr\/wp-json\/wp\/v2\/media?parent=338841"}],"wp:term":[{"taxonomy":"product_brand","embeddable":true,"href":"https:\/\/preview.script.ch\/fr\/wp-json\/wp\/v2\/product_brand?post=338841"},{"taxonomy":"product_cat","embeddable":true,"href":"https:\/\/preview.script.ch\/fr\/wp-json\/wp\/v2\/product_cat?post=338841"},{"taxonomy":"product_tag","embeddable":true,"href":"https:\/\/preview.script.ch\/fr\/wp-json\/wp\/v2\/product_tag?post=338841"}],"curies":[{"name":"wp","href":"https:\/\/api.w.org\/{rel}","templated":true}]}}