{"id":335498,"date":"2025-11-14T19:46:53","date_gmt":"2025-11-14T18:46:53","guid":{"rendered":"https:\/\/preview.script.ch\/produkt\/post-it-index-680-large-bleu\/"},"modified":"2025-11-14T19:46:54","modified_gmt":"2025-11-14T18:46:54","slug":"post-it-index-680-large-bleu","status":"publish","type":"product","link":"https:\/\/preview.script.ch\/fr\/produkt\/post-it-index-680-large-bleu\/","title":{"rendered":"Post-it Index 680 large bleu"},"content":{"rendered":"<p>Post-it\u00a9 Index pour marquer, indexer et codifier, de fa\u00e7on s\u00fbre, documents,<br \/>\n fichiers, livres, etc. Supportent l&rsquo;\u00e9criture, s&rsquo;enl\u00e8vent sans traces et<br \/>\n repositionnables, format 25.4 x 43.2mm. Distributeur contenant 50 pi\u00e8ces.<\/p>\n","protected":false},"excerpt":{"rendered":"<p>Post-it\u00a9 Index pour marquer, indexer et codifier, de fa\u00e7on s\u00fbre, documents, fichiers, livres, etc. Supportent l&rsquo;\u00e9criture, s&rsquo;enl\u00e8vent sans traces et repositionnables, format 25.4 x 43.2mm. Distributeur contenant 50 pi\u00e8ces.<\/p>\n","protected":false},"featured_media":335496,"template":"","meta":{"_acf_changed":false},"product_brand":[],"product_cat":[53178],"product_tag":[],"class_list":{"0":"post-335498","1":"product","2":"type-product","3":"status-publish","4":"has-post-thumbnail","6":"product_cat-index-marker-papier-universel-de-bureau","8":"first","9":"instock","10":"taxable","11":"shipping-taxable","12":"purchasable","13":"product-type-simple","14":"add-to-wishlist-before_image"},"acf":[],"_links":{"self":[{"href":"https:\/\/preview.script.ch\/fr\/wp-json\/wp\/v2\/product\/335498","targetHints":{"allow":["GET"]}}],"collection":[{"href":"https:\/\/preview.script.ch\/fr\/wp-json\/wp\/v2\/product"}],"about":[{"href":"https:\/\/preview.script.ch\/fr\/wp-json\/wp\/v2\/types\/product"}],"wp:featuredmedia":[{"embeddable":true,"href":"https:\/\/preview.script.ch\/fr\/wp-json\/wp\/v2\/media\/335496"}],"wp:attachment":[{"href":"https:\/\/preview.script.ch\/fr\/wp-json\/wp\/v2\/media?parent=335498"}],"wp:term":[{"taxonomy":"product_brand","embeddable":true,"href":"https:\/\/preview.script.ch\/fr\/wp-json\/wp\/v2\/product_brand?post=335498"},{"taxonomy":"product_cat","embeddable":true,"href":"https:\/\/preview.script.ch\/fr\/wp-json\/wp\/v2\/product_cat?post=335498"},{"taxonomy":"product_tag","embeddable":true,"href":"https:\/\/preview.script.ch\/fr\/wp-json\/wp\/v2\/product_tag?post=335498"}],"curies":[{"name":"wp","href":"https:\/\/api.w.org\/{rel}","templated":true}]}}