{"id":3923,"date":"2022-06-13T08:21:13","date_gmt":"2022-06-13T06:21:13","guid":{"rendered":"https:\/\/preview.script.ch\/?page_id=3923"},"modified":"2025-11-24T17:35:02","modified_gmt":"2025-11-24T16:35:02","slug":"securite","status":"publish","type":"page","link":"https:\/\/preview.script.ch\/fr\/securite\/","title":{"rendered":"S\u00e9curit\u00e9"},"content":{"rendered":"\t\t<div data-elementor-type=\"wp-page\" data-elementor-id=\"3923\" class=\"elementor elementor-3923 elementor-3850\" data-elementor-post-type=\"page\">\n\t\t\t\t\t\t<section class=\"elementor-section elementor-top-section elementor-element elementor-element-59cac84 elementor-section-boxed elementor-section-height-default elementor-section-height-default\" data-id=\"59cac84\" data-element_type=\"section\">\n\t\t\t\t\t\t<div class=\"elementor-container elementor-column-gap-default\">\n\t\t\t\t\t<div class=\"elementor-column elementor-col-100 elementor-top-column elementor-element elementor-element-d916944\" data-id=\"d916944\" data-element_type=\"column\">\n\t\t\t<div class=\"elementor-widget-wrap elementor-element-populated\">\n\t\t\t\t\t\t<div class=\"elementor-element elementor-element-86efba0 elementor-widget elementor-widget-text-editor\" data-id=\"86efba0\" data-element_type=\"widget\" data-widget_type=\"text-editor.default\">\n\t\t\t\t<div class=\"elementor-widget-container\">\n\t\t\t\t\t\t\t\t\t<p><b>Cet online shop \u00e9tait soumis \u00e0 un test aux plusieurs plate-forms (PC et Mac). Nous vous recommandons les configurations suivantes pour garantir une pr\u00e9sentation optimale et une function sans probl\u00e8me: &#8211; r\u00e9solution d\u2019 \u00e9cran: 1024 x 768 (min. 800 x 600) &#8211;<\/b><\/p><p>Nous prenons au s\u00e9rieux vos besoins pour la protection contre les abus de l\u2019 informatique et la s\u00e9curit\u00e9 de transmission; c\u2019 est comment vous resterez avec nous! S\u00e9curit\u00e9 de transmission: vous ne pouvez pas seulement payer comfortablement avec une facture de Scriptnet, mais vous pourriez aussi r\u00e9gler votre commande par carte de cr\u00e9dit, si vous le d\u00e9sirez. Les dates de votre carte de cr\u00e9dit sont cod\u00e9es par SSL pendant la transmission. Ce standard de codification garanti qu\u2019 aucune personne etrang\u00e8re puisse r\u00e9ussir \u00e0 s\u2019 introduire dans vos dates. Vous reconnaissez l\u2019 inscription \u00e0 l\u2019 actif de SSL cod\u00e9 par le symbole \u00ab\u00a0serrure\u00a0\u00bb dans la plintre de votre Internet-browser. SSL (Secure Socket Layer) est un proc\u00e9d\u00e9 de codification qui est standard dans l\u2019 Internet que permettra la transmission garantie des dates. La codification est une op\u00e9ration arithm\u00e9tique que produira d\u2019 un texte et d\u2019 un chiffre (un nombre) une cha\u00eene de caract\u00e8res. L\u2019 avantage de cette op\u00e9ration arithm\u00e9tique est qu\u2019 une modification minimale dans le texte produira une differente cha\u00eene de caract\u00e8res. Chaque modification dans le chiffre resultera dans une differente cha\u00eene de caract\u00e8res. Le texte original n\u2019 est pas possible d\u2019 obtenir.<\/p>\t\t\t\t\t\t\t\t<\/div>\n\t\t\t\t<\/div>\n\t\t\t\t\t<\/div>\n\t\t<\/div>\n\t\t\t\t\t<\/div>\n\t\t<\/section>\n\t\t\t\t<\/div>\n\t\t","protected":false},"excerpt":{"rendered":"<p>Cet online shop \u00e9tait soumis \u00e0 un test aux plusieurs plate-forms (PC et Mac). Nous vous recommandons les configurations suivantes pour garantir une pr\u00e9sentation optimale et une function sans probl\u00e8me: &#8211; r\u00e9solution d\u2019 \u00e9cran: 1024 x 768 (min. 800 x 600) &#8211; Nous prenons au s\u00e9rieux vos besoins pour la protection contre les abus de [&hellip;]<\/p>\n","protected":false},"author":2,"featured_media":0,"parent":0,"menu_order":0,"comment_status":"closed","ping_status":"closed","template":"","meta":{"_acf_changed":false,"footnotes":""},"class_list":["post-3923","page","type-page","status-publish","hentry"],"acf":[],"_links":{"self":[{"href":"https:\/\/preview.script.ch\/fr\/wp-json\/wp\/v2\/pages\/3923","targetHints":{"allow":["GET"]}}],"collection":[{"href":"https:\/\/preview.script.ch\/fr\/wp-json\/wp\/v2\/pages"}],"about":[{"href":"https:\/\/preview.script.ch\/fr\/wp-json\/wp\/v2\/types\/page"}],"author":[{"embeddable":true,"href":"https:\/\/preview.script.ch\/fr\/wp-json\/wp\/v2\/users\/2"}],"replies":[{"embeddable":true,"href":"https:\/\/preview.script.ch\/fr\/wp-json\/wp\/v2\/comments?post=3923"}],"version-history":[{"count":4,"href":"https:\/\/preview.script.ch\/fr\/wp-json\/wp\/v2\/pages\/3923\/revisions"}],"predecessor-version":[{"id":460410,"href":"https:\/\/preview.script.ch\/fr\/wp-json\/wp\/v2\/pages\/3923\/revisions\/460410"}],"wp:attachment":[{"href":"https:\/\/preview.script.ch\/fr\/wp-json\/wp\/v2\/media?parent=3923"}],"curies":[{"name":"wp","href":"https:\/\/api.w.org\/{rel}","templated":true}]}}