{"id":3902,"date":"2022-05-25T15:44:06","date_gmt":"2022-05-25T13:44:06","guid":{"rendered":"https:\/\/preview.script.ch\/?page_id=3902"},"modified":"2025-11-24T17:33:12","modified_gmt":"2025-11-24T16:33:12","slug":"service-de-commande","status":"publish","type":"page","link":"https:\/\/preview.script.ch\/fr\/service-de-commande\/","title":{"rendered":"Service de commande"},"content":{"rendered":"\t\t<div data-elementor-type=\"wp-page\" data-elementor-id=\"3902\" class=\"elementor elementor-3902 elementor-3815\" data-elementor-post-type=\"page\">\n\t\t\t\t\t\t<section class=\"elementor-section elementor-top-section elementor-element elementor-element-2f9a719 elementor-section-boxed elementor-section-height-default elementor-section-height-default\" data-id=\"2f9a719\" data-element_type=\"section\">\n\t\t\t\t\t\t<div class=\"elementor-container elementor-column-gap-default\">\n\t\t\t\t\t<div class=\"elementor-column elementor-col-100 elementor-top-column elementor-element elementor-element-feba263\" data-id=\"feba263\" data-element_type=\"column\">\n\t\t\t<div class=\"elementor-widget-wrap elementor-element-populated\">\n\t\t\t\t\t\t<div class=\"elementor-element elementor-element-08a8391 elementor-widget elementor-widget-heading\" data-id=\"08a8391\" data-element_type=\"widget\" data-widget_type=\"heading.default\">\n\t\t\t\t<div class=\"elementor-widget-container\">\n\t\t\t\t\t<h3 class=\"elementor-heading-title elementor-size-default\">Par t\u00e9l\u00e9phone<\/h3>\t\t\t\t<\/div>\n\t\t\t\t<\/div>\n\t\t\t\t\t<\/div>\n\t\t<\/div>\n\t\t\t\t\t<\/div>\n\t\t<\/section>\n\t\t\t\t<section class=\"elementor-section elementor-top-section elementor-element elementor-element-729c349 elementor-section-boxed elementor-section-height-default elementor-section-height-default\" data-id=\"729c349\" data-element_type=\"section\">\n\t\t\t\t\t\t<div class=\"elementor-container elementor-column-gap-default\">\n\t\t\t\t\t<div class=\"elementor-column elementor-col-100 elementor-top-column elementor-element elementor-element-e0320c7\" data-id=\"e0320c7\" data-element_type=\"column\">\n\t\t\t<div class=\"elementor-widget-wrap elementor-element-populated\">\n\t\t\t\t\t\t<div class=\"elementor-element elementor-element-1bc375c elementor-widget elementor-widget-text-editor\" data-id=\"1bc375c\" data-element_type=\"widget\" data-widget_type=\"text-editor.default\">\n\t\t\t\t<div class=\"elementor-widget-container\">\n\t\t\t\t\t\t\t\t\tVous pourriez nous contacter de 7.30 h \u00e0 12.00 h et de 13.30 h \u00e0 17.00 h chaque jour; t\u00e9l\u00e9phone 071 747 4343\t\t\t\t\t\t\t\t<\/div>\n\t\t\t\t<\/div>\n\t\t\t\t\t<\/div>\n\t\t<\/div>\n\t\t\t\t\t<\/div>\n\t\t<\/section>\n\t\t\t\t<section class=\"elementor-section elementor-top-section elementor-element elementor-element-74783c4 elementor-section-boxed elementor-section-height-default elementor-section-height-default\" data-id=\"74783c4\" data-element_type=\"section\">\n\t\t\t\t\t\t<div class=\"elementor-container elementor-column-gap-default\">\n\t\t\t\t\t<div class=\"elementor-column elementor-col-100 elementor-top-column elementor-element elementor-element-c03be33\" data-id=\"c03be33\" data-element_type=\"column\">\n\t\t\t<div class=\"elementor-widget-wrap elementor-element-populated\">\n\t\t\t\t\t\t<div class=\"elementor-element elementor-element-ac25f6f elementor-widget elementor-widget-heading\" data-id=\"ac25f6f\" data-element_type=\"widget\" data-widget_type=\"heading.default\">\n\t\t\t\t<div class=\"elementor-widget-container\">\n\t\t\t\t\t<h3 class=\"elementor-heading-title elementor-size-default\">Par fax<\/h3>\t\t\t\t<\/div>\n\t\t\t\t<\/div>\n\t\t\t\t\t<\/div>\n\t\t<\/div>\n\t\t\t\t\t<\/div>\n\t\t<\/section>\n\t\t\t\t<section class=\"elementor-section elementor-top-section elementor-element elementor-element-eafc45f elementor-section-boxed elementor-section-height-default elementor-section-height-default\" data-id=\"eafc45f\" data-element_type=\"section\">\n\t\t\t\t\t\t<div class=\"elementor-container elementor-column-gap-default\">\n\t\t\t\t\t<div class=\"elementor-column elementor-col-100 elementor-top-column elementor-element elementor-element-6cb0945\" data-id=\"6cb0945\" data-element_type=\"column\">\n\t\t\t<div class=\"elementor-widget-wrap elementor-element-populated\">\n\t\t\t\t\t\t<div class=\"elementor-element elementor-element-8065b6e elementor-widget elementor-widget-text-editor\" data-id=\"8065b6e\" data-element_type=\"widget\" data-widget_type=\"text-editor.default\">\n\t\t\t\t<div class=\"elementor-widget-container\">\n\t\t\t\t\t\t\t\t\tNotre fax recevra votre commande toujours; demandez votre bloc de fax ou votre liste de commande personelle; fax 071 747 43 54\t\t\t\t\t\t\t\t<\/div>\n\t\t\t\t<\/div>\n\t\t\t\t\t<\/div>\n\t\t<\/div>\n\t\t\t\t\t<\/div>\n\t\t<\/section>\n\t\t\t\t<section class=\"elementor-section elementor-top-section elementor-element elementor-element-8faab53 elementor-section-boxed elementor-section-height-default elementor-section-height-default\" data-id=\"8faab53\" data-element_type=\"section\">\n\t\t\t\t\t\t<div class=\"elementor-container elementor-column-gap-default\">\n\t\t\t\t\t<div class=\"elementor-column elementor-col-100 elementor-top-column elementor-element elementor-element-6132689\" data-id=\"6132689\" data-element_type=\"column\">\n\t\t\t<div class=\"elementor-widget-wrap elementor-element-populated\">\n\t\t\t\t\t\t<div class=\"elementor-element elementor-element-6c3c804 elementor-widget elementor-widget-heading\" data-id=\"6c3c804\" data-element_type=\"widget\" data-widget_type=\"heading.default\">\n\t\t\t\t<div class=\"elementor-widget-container\">\n\t\t\t\t\t<h3 class=\"elementor-heading-title elementor-size-default\">Par EDI\/Unnedifact<\/h3>\t\t\t\t<\/div>\n\t\t\t\t<\/div>\n\t\t\t\t\t<\/div>\n\t\t<\/div>\n\t\t\t\t\t<\/div>\n\t\t<\/section>\n\t\t\t\t<section class=\"elementor-section elementor-top-section elementor-element elementor-element-f64344a elementor-section-boxed elementor-section-height-default elementor-section-height-default\" data-id=\"f64344a\" data-element_type=\"section\">\n\t\t\t\t\t\t<div class=\"elementor-container elementor-column-gap-default\">\n\t\t\t\t\t<div class=\"elementor-column elementor-col-100 elementor-top-column elementor-element elementor-element-0a684fd\" data-id=\"0a684fd\" data-element_type=\"column\">\n\t\t\t<div class=\"elementor-widget-wrap elementor-element-populated\">\n\t\t\t\t\t\t<div class=\"elementor-element elementor-element-9f9d2eb elementor-widget elementor-widget-text-editor\" data-id=\"9f9d2eb\" data-element_type=\"widget\" data-widget_type=\"text-editor.default\">\n\t\t\t\t<div class=\"elementor-widget-container\">\n\t\t\t\t\t\t\t\t\tEchange \u00e9lectronique de dates et de documents comme des commandes, des bulletins de livraison etc\t\t\t\t\t\t\t\t<\/div>\n\t\t\t\t<\/div>\n\t\t\t\t\t<\/div>\n\t\t<\/div>\n\t\t\t\t\t<\/div>\n\t\t<\/section>\n\t\t\t\t<section class=\"elementor-section elementor-top-section elementor-element elementor-element-c4cebe2 elementor-section-boxed elementor-section-height-default elementor-section-height-default\" data-id=\"c4cebe2\" data-element_type=\"section\">\n\t\t\t\t\t\t<div class=\"elementor-container elementor-column-gap-default\">\n\t\t\t\t\t<div class=\"elementor-column elementor-col-100 elementor-top-column elementor-element elementor-element-958c6d1\" data-id=\"958c6d1\" data-element_type=\"column\">\n\t\t\t<div class=\"elementor-widget-wrap elementor-element-populated\">\n\t\t\t\t\t\t<div class=\"elementor-element elementor-element-66fcb02 elementor-widget elementor-widget-heading\" data-id=\"66fcb02\" data-element_type=\"widget\" data-widget_type=\"heading.default\">\n\t\t\t\t<div class=\"elementor-widget-container\">\n\t\t\t\t\t<h3 class=\"elementor-heading-title elementor-size-default\">Par e-mail<\/h3>\t\t\t\t<\/div>\n\t\t\t\t<\/div>\n\t\t\t\t\t<\/div>\n\t\t<\/div>\n\t\t\t\t\t<\/div>\n\t\t<\/section>\n\t\t\t\t<section class=\"elementor-section elementor-top-section elementor-element elementor-element-b14fd2c elementor-section-boxed elementor-section-height-default elementor-section-height-default\" data-id=\"b14fd2c\" data-element_type=\"section\">\n\t\t\t\t\t\t<div class=\"elementor-container elementor-column-gap-default\">\n\t\t\t\t\t<div class=\"elementor-column elementor-col-100 elementor-top-column elementor-element elementor-element-741a4be\" data-id=\"741a4be\" data-element_type=\"column\">\n\t\t\t<div class=\"elementor-widget-wrap elementor-element-populated\">\n\t\t\t\t\t\t<div class=\"elementor-element elementor-element-677f816 elementor-widget elementor-widget-text-editor\" data-id=\"677f816\" data-element_type=\"widget\" data-widget_type=\"text-editor.default\">\n\t\t\t\t<div class=\"elementor-widget-container\">\n\t\t\t\t\t\t\t\t\tCommandez online &#8211; \u00e7a ne va pas plus rapidement et simplement; <a href=\"mailto:verkauf@skript.ch\">verkauf@script.ch<\/a>\t\t\t\t\t\t\t\t<\/div>\n\t\t\t\t<\/div>\n\t\t\t\t\t<\/div>\n\t\t<\/div>\n\t\t\t\t\t<\/div>\n\t\t<\/section>\n\t\t\t\t<section class=\"elementor-section elementor-top-section elementor-element elementor-element-0dca240 elementor-section-boxed elementor-section-height-default elementor-section-height-default\" data-id=\"0dca240\" data-element_type=\"section\">\n\t\t\t\t\t\t<div class=\"elementor-container elementor-column-gap-default\">\n\t\t\t\t\t<div class=\"elementor-column elementor-col-100 elementor-top-column elementor-element elementor-element-343354f\" data-id=\"343354f\" data-element_type=\"column\">\n\t\t\t<div class=\"elementor-widget-wrap elementor-element-populated\">\n\t\t\t\t\t\t<div class=\"elementor-element elementor-element-2c2de66 elementor-widget elementor-widget-heading\" data-id=\"2c2de66\" data-element_type=\"widget\" data-widget_type=\"heading.default\">\n\t\t\t\t<div class=\"elementor-widget-container\">\n\t\t\t\t\t<h3 class=\"elementor-heading-title elementor-size-default\">Par CD-ROM<\/h3>\t\t\t\t<\/div>\n\t\t\t\t<\/div>\n\t\t\t\t\t<\/div>\n\t\t<\/div>\n\t\t\t\t\t<\/div>\n\t\t<\/section>\n\t\t\t\t<section class=\"elementor-section elementor-top-section elementor-element elementor-element-f02fbd1 elementor-section-boxed elementor-section-height-default elementor-section-height-default\" data-id=\"f02fbd1\" data-element_type=\"section\">\n\t\t\t\t\t\t<div class=\"elementor-container elementor-column-gap-default\">\n\t\t\t\t\t<div class=\"elementor-column elementor-col-100 elementor-top-column elementor-element elementor-element-1ff598f\" data-id=\"1ff598f\" data-element_type=\"column\">\n\t\t\t<div class=\"elementor-widget-wrap elementor-element-populated\">\n\t\t\t\t\t\t<div class=\"elementor-element elementor-element-9e8e8aa elementor-widget elementor-widget-text-editor\" data-id=\"9e8e8aa\" data-element_type=\"widget\" data-widget_type=\"text-editor.default\">\n\t\t\t\t<div class=\"elementor-widget-container\">\n\t\t\t\t\t\t\t\t\tCommandez notre CD-ROM et vous pouvez faire votre commande de vos articles directement de CD-ROM\t\t\t\t\t\t\t\t<\/div>\n\t\t\t\t<\/div>\n\t\t\t\t\t<\/div>\n\t\t<\/div>\n\t\t\t\t\t<\/div>\n\t\t<\/section>\n\t\t\t\t<section class=\"elementor-section elementor-top-section elementor-element elementor-element-0992582 elementor-section-boxed elementor-section-height-default elementor-section-height-default\" data-id=\"0992582\" data-element_type=\"section\">\n\t\t\t\t\t\t<div class=\"elementor-container elementor-column-gap-default\">\n\t\t\t\t\t<div class=\"elementor-column elementor-col-100 elementor-top-column elementor-element elementor-element-93ec9f4\" data-id=\"93ec9f4\" data-element_type=\"column\">\n\t\t\t<div class=\"elementor-widget-wrap elementor-element-populated\">\n\t\t\t\t\t\t<div class=\"elementor-element elementor-element-a197bbc elementor-widget elementor-widget-heading\" data-id=\"a197bbc\" data-element_type=\"widget\" data-widget_type=\"heading.default\">\n\t\t\t\t<div class=\"elementor-widget-container\">\n\t\t\t\t\t<h3 class=\"elementor-heading-title elementor-size-default\">Suggestions, critiques?<\/h3>\t\t\t\t<\/div>\n\t\t\t\t<\/div>\n\t\t\t\t\t<\/div>\n\t\t<\/div>\n\t\t\t\t\t<\/div>\n\t\t<\/section>\n\t\t\t\t<section class=\"elementor-section elementor-top-section elementor-element elementor-element-cfa911b elementor-section-boxed elementor-section-height-default elementor-section-height-default\" data-id=\"cfa911b\" data-element_type=\"section\">\n\t\t\t\t\t\t<div class=\"elementor-container elementor-column-gap-default\">\n\t\t\t\t\t<div class=\"elementor-column elementor-col-100 elementor-top-column elementor-element elementor-element-6314583\" data-id=\"6314583\" data-element_type=\"column\">\n\t\t\t<div class=\"elementor-widget-wrap elementor-element-populated\">\n\t\t\t\t\t\t<div class=\"elementor-element elementor-element-fa563a1 elementor-widget elementor-widget-text-editor\" data-id=\"fa563a1\" data-element_type=\"widget\" data-widget_type=\"text-editor.default\">\n\t\t\t\t<div class=\"elementor-widget-container\">\n\t\t\t\t\t\t\t\t\tPour adapter optimalement notre syst\u00e8me de commande online \u00e0 vos besoins, nous vous remercions bien de vos suggestions, critiques ou vos propositions pour l\u2019 am\u00e9lioration. Informez nous de votre opinion, vos id\u00e9es sont important pour le d\u00e9veloppement de notre syst\u00e8me.\r\n\r\nEnvoyez vos suggestions \u00e0: <a href=\"mailto:verkauf@script.ch\">verkauf@script.ch<\/a>\t\t\t\t\t\t\t\t<\/div>\n\t\t\t\t<\/div>\n\t\t\t\t\t<\/div>\n\t\t<\/div>\n\t\t\t\t\t<\/div>\n\t\t<\/section>\n\t\t\t\t<\/div>\n\t\t","protected":false},"excerpt":{"rendered":"<p>Par t\u00e9l\u00e9phone Vous pourriez nous contacter de 7.30 h \u00e0 12.00 h et de 13.30 h \u00e0 17.00 h chaque jour; t\u00e9l\u00e9phone 071 747 4343 Par fax Notre fax recevra votre commande toujours; demandez votre bloc de fax ou votre liste de commande personelle; fax 071 747 43 54 Par EDI\/Unnedifact Echange \u00e9lectronique de dates [&hellip;]<\/p>\n","protected":false},"author":2,"featured_media":0,"parent":0,"menu_order":0,"comment_status":"closed","ping_status":"closed","template":"","meta":{"_acf_changed":false,"footnotes":""},"class_list":["post-3902","page","type-page","status-publish","hentry"],"acf":[],"_links":{"self":[{"href":"https:\/\/preview.script.ch\/fr\/wp-json\/wp\/v2\/pages\/3902","targetHints":{"allow":["GET"]}}],"collection":[{"href":"https:\/\/preview.script.ch\/fr\/wp-json\/wp\/v2\/pages"}],"about":[{"href":"https:\/\/preview.script.ch\/fr\/wp-json\/wp\/v2\/types\/page"}],"author":[{"embeddable":true,"href":"https:\/\/preview.script.ch\/fr\/wp-json\/wp\/v2\/users\/2"}],"replies":[{"embeddable":true,"href":"https:\/\/preview.script.ch\/fr\/wp-json\/wp\/v2\/comments?post=3902"}],"version-history":[{"count":3,"href":"https:\/\/preview.script.ch\/fr\/wp-json\/wp\/v2\/pages\/3902\/revisions"}],"predecessor-version":[{"id":460399,"href":"https:\/\/preview.script.ch\/fr\/wp-json\/wp\/v2\/pages\/3902\/revisions\/460399"}],"wp:attachment":[{"href":"https:\/\/preview.script.ch\/fr\/wp-json\/wp\/v2\/media?parent=3902"}],"curies":[{"name":"wp","href":"https:\/\/api.w.org\/{rel}","templated":true}]}}