{"id":335227,"date":"2025-09-04T18:07:49","date_gmt":"2025-09-04T16:07:49","guid":{"rendered":"https:\/\/preview.script.ch\/?page_id=335227"},"modified":"2025-09-04T18:14:21","modified_gmt":"2025-09-04T16:14:21","slug":"contact","status":"publish","type":"page","link":"https:\/\/preview.script.ch\/fr\/contact\/","title":{"rendered":"Contact"},"content":{"rendered":"\t\t<div data-elementor-type=\"wp-page\" data-elementor-id=\"335227\" class=\"elementor elementor-335227 elementor-335226\" data-elementor-post-type=\"page\">\n\t\t\t\t\t\t<section class=\"elementor-section elementor-top-section elementor-element elementor-element-4bde9aa elementor-section-boxed elementor-section-height-default elementor-section-height-default\" data-id=\"4bde9aa\" data-element_type=\"section\">\n\t\t\t\t\t\t<div class=\"elementor-container elementor-column-gap-default\">\n\t\t\t\t\t<div class=\"elementor-column elementor-col-100 elementor-top-column elementor-element elementor-element-87bfee2\" data-id=\"87bfee2\" data-element_type=\"column\">\n\t\t\t<div class=\"elementor-widget-wrap elementor-element-populated\">\n\t\t\t\t\t\t<div class=\"elementor-element elementor-element-ff58d41 elementor-widget elementor-widget-text-editor\" data-id=\"ff58d41\" data-element_type=\"widget\" data-widget_type=\"text-editor.default\">\n\t\t\t\t<div class=\"elementor-widget-container\">\n\t\t\t\t\t\t\t\t\t<p><strong>Script B\u00fcrobedarf AG<\/strong><br \/>Postfach 546<br \/>Bahnhofstrasse 3<br \/>CH-9434 Au\/SG<\/p><p>Vous pouvez nous joindre tous les jours de 7h30 \u00e0 12h00 et de 13h30 \u00e0 17h00.<\/p><p>T\u00e9l\u00e9phone 071\/747 43 43<br \/>Fax 071\/747 43 54<br \/>E-mail: <a href=\"mailto:verkauf@script.ch\">verkauf@script.ch<\/a><\/p>\t\t\t\t\t\t\t\t<\/div>\n\t\t\t\t<\/div>\n\t\t\t\t\t<\/div>\n\t\t<\/div>\n\t\t\t\t\t<\/div>\n\t\t<\/section>\n\t\t\t\t<\/div>\n\t\t","protected":false},"excerpt":{"rendered":"<p>Script B\u00fcrobedarf AGPostfach 546Bahnhofstrasse 3CH-9434 Au\/SG Vous pouvez nous joindre tous les jours de 7h30 \u00e0 12h00 et de 13h30 \u00e0 17h00. T\u00e9l\u00e9phone 071\/747 43 43Fax 071\/747 43 54E-mail: verkauf@script.ch<\/p>\n","protected":false},"author":2,"featured_media":0,"parent":0,"menu_order":0,"comment_status":"closed","ping_status":"closed","template":"","meta":{"_acf_changed":false,"footnotes":""},"class_list":["post-335227","page","type-page","status-publish","hentry"],"acf":[],"_links":{"self":[{"href":"https:\/\/preview.script.ch\/fr\/wp-json\/wp\/v2\/pages\/335227","targetHints":{"allow":["GET"]}}],"collection":[{"href":"https:\/\/preview.script.ch\/fr\/wp-json\/wp\/v2\/pages"}],"about":[{"href":"https:\/\/preview.script.ch\/fr\/wp-json\/wp\/v2\/types\/page"}],"author":[{"embeddable":true,"href":"https:\/\/preview.script.ch\/fr\/wp-json\/wp\/v2\/users\/2"}],"replies":[{"embeddable":true,"href":"https:\/\/preview.script.ch\/fr\/wp-json\/wp\/v2\/comments?post=335227"}],"version-history":[{"count":4,"href":"https:\/\/preview.script.ch\/fr\/wp-json\/wp\/v2\/pages\/335227\/revisions"}],"predecessor-version":[{"id":335235,"href":"https:\/\/preview.script.ch\/fr\/wp-json\/wp\/v2\/pages\/335227\/revisions\/335235"}],"wp:attachment":[{"href":"https:\/\/preview.script.ch\/fr\/wp-json\/wp\/v2\/media?parent=335227"}],"curies":[{"name":"wp","href":"https:\/\/api.w.org\/{rel}","templated":true}]}}